{"id":37,"date":"2021-08-02T14:21:39","date_gmt":"2021-08-02T11:21:39","guid":{"rendered":"http:\/\/www.suvarininizinden.com\/?page_id=37"},"modified":"2025-07-16T12:33:25","modified_gmt":"2025-07-16T09:33:25","slug":"anasayfa","status":"publish","type":"page","link":"https:\/\/www.suvarininizinden.com\/","title":{"rendered":"Anasayfa"},"content":{"rendered":"<p>[et_pb_section fb_built=&#8221;1&#8243; fullwidth=&#8221;on&#8221; _builder_version=&#8221;4.3.4&#8243; collapsed=&#8221;off&#8221;][et_pb_fullwidth_image src=&#8221;https:\/\/www.suvarininizinden.com\/wp-content\/uploads\/2024\/08\/IMG-20230827-WA0022-01-1.jpeg&#8221; _builder_version=&#8221;4.3.4&#8243;][\/et_pb_fullwidth_image][\/et_pb_section][et_pb_section fb_built=&#8221;1&#8243; _builder_version=&#8221;4.3.4&#8243;][et_pb_row column_structure=&#8221;1_3,2_3&#8243; _builder_version=&#8221;4.3.4&#8243; hover_enabled=&#8221;0&#8243;][et_pb_column type=&#8221;1_3&#8243; _builder_version=&#8221;4.3.4&#8243;][et_pb_image src=&#8221;https:\/\/www.suvarininizinden.com\/wp-content\/uploads\/2021\/08\/4.jpeg&#8221; _builder_version=&#8221;4.3.4&#8243; custom_margin=&#8221;|||45px|false|false&#8221;][\/et_pb_image][\/et_pb_column][et_pb_column type=&#8221;2_3&#8243; _builder_version=&#8221;4.3.4&#8243;][et_pb_text disabled_on=&#8221;off|off|on&#8221; _builder_version=&#8221;4.3.4&#8243; header_2_text_align=&#8221;center&#8221; header_2_text_color=&#8221;#000000&#8243; header_2_font_size=&#8221;35px&#8221; header_2_letter_spacing=&#8221;1px&#8221;]<\/p>\n<h2><strong>S\u00dcVAR\u0130 RUHUYLA,<br \/>DEM\u0130R ATLARLA<\/strong><\/h2>\n<p>[\/et_pb_text][et_pb_text _builder_version=&#8221;4.3.4&#8243; text_letter_spacing=&#8221;1px&#8221; text_orientation=&#8221;center&#8221;]<\/p>\n<p>Mustafa Kemal Atat\u00fcrk \u00f6nderli\u011finde \u0130stiklal Sava\u015f\u0131&#8217;n\u0131n<br \/>b\u00fcy\u00fck bir zaferle sonu\u00e7lanmas\u0131n\u0131 sa\u011flayan B\u00fcy\u00fck Taarruz&#8217;un y\u0131ld\u00f6n\u00fcm\u00fcnde,yine,yeniden<br \/>&#8220;S\u00dcVAR\u0130N\u0130N \u0130Z\u0130NDEN&#8221;, Demir Atlar\u0131m\u0131zla gitmeye \u00e7al\u0131\u015f\u0131yoruz.<\/p>\n<p>Bug\u00fcnlerimiz i\u00e7in canlar\u0131n\u0131 ortaya koyan kahramanlar\u0131m\u0131z\u0131 anmak,<br \/>anlamak ve minnetimizi ifade etmek \u00e7abas\u0131yla s\u00fcrd\u00fc\u011f\u00fcm\u00fcz<br \/>bu rota, 5.S\u00fcvari Kolordu&#8217;sunun izledi\u011fi yol rehber al\u0131narak olu\u015fturuldu.<\/p>\n<p>Yolculu\u011fumuz birinci g\u00fcn Afyon Kocatepe&#8217;den ba\u015flayarak,<br \/>T\u0131naztepe ,\u00c7i\u011filtepe hatt\u0131nda devam edecektir.Ard\u0131ndan,ge\u00e7ilmez denilen ancak Kahraman S\u00fcvarimiz taraf\u0131ndan bir gecede a\u015f\u0131lan Ah\u0131rda\u011f\u0131 ge\u00e7ilerek Sinanpa\u015fa Ovas\u0131&#8217;na inilecektir.<\/p>\n<p>\u0130kinci g\u00fcn ad\u0131m ad\u0131m S\u00fcvarinin izinden gidilerek Dumlup\u0131nar&#8217;a ula\u015f\u0131lacakt\u0131r.<\/p>\n<p>&#8220;S\u00dcVAR\u0130N\u0130N \u0130Z\u0130NDEN&#8221; rotas\u0131n\u0131 yaparak ne kahramanl\u0131klar ,ne fedakarl\u0131klar ya\u015fand\u0131\u011f\u0131na tan\u0131kl\u0131k edeceksiniz.<\/p>\n<p><strong>Her y\u0131l &#8220;S\u00dcVAR\u0130N\u0130N \u0130Z\u0130NDEN&#8221; gitmek i\u00e7in Zafer Haftas\u0131nda\u00a0<\/strong><strong>Afyonkarahisar&#8217;da olaca\u011f\u0131z.Detayl\u0131 program i\u00e7in sosyal medya hesaplar\u0131m\u0131z\u0131,whatsapp bilgilendirme grubunu\u00a0 takip edebilirsiniz.<\/strong><\/p>\n<p>&nbsp;<\/p>\n<p>Gece\/g\u00fcnd\u00fcz s\u0131cakl\u0131k fark\u0131 olduk\u00e7a y\u00fcksek olabilmektedir.Bu durumu dikkate alarak kamp ekipman\u0131n\u0131z\u0131 haz\u0131rlaman\u0131z\u0131 tavsiye ederiz.<\/p>\n<p><strong>*BU ROTA KISMEN TOPRAK YOL VE ARAZ\u0130 S\u00dcR\u00dc\u015e\u00dc ETAPLARI \u0130\u00c7ERMEKTED\u0130R.<\/strong><\/p>\n<p><strong>*ASGAR\u0130 S\u00dcR\u00dc\u015e EK\u0130PMANI \u015eARTINI SA\u011eLAMAYANLAR S\u00dcR\u00dc\u015eE KATILAMAZLAR.<\/strong><\/p>\n<p><strong>\u200bG\u00dcNCEL B\u0130LG\u0130LEND\u0130RMELER \u0130\u00c7\u0130N SOSYAL MEDYA HESAPLARIMIZI ve WHATSAPP GRUBUNU TAK\u0130P ETMEY\u0130 UNUTMAYIN.<\/strong><\/p>\n<p>[\/et_pb_text][et_pb_social_media_follow admin_label=&#8221;Sosyal Medya Takibi&#8221; _builder_version=&#8221;4.3.4&#8243; text_orientation=&#8221;center&#8221; custom_padding=&#8221;|13px||||&#8221;][et_pb_social_media_follow_network social_network=&#8221;facebook&#8221; url=&#8221;https:\/\/www.facebook.com\/groups\/2656709064645968\/?ref=share&#8221; _builder_version=&#8221;4.3.4&#8243; background_color=&#8221;#3b5998&#8243; follow_button=&#8221;off&#8221; url_new_window=&#8221;on&#8221;]facebook[\/et_pb_social_media_follow_network][et_pb_social_media_follow_network social_network=&#8221;instagram&#8221; url=&#8221;https:\/\/instagram.com\/suvarininizinden?igshid=YmMyMTA2M2Y=&#8221; _builder_version=&#8221;4.3.4&#8243; background_color=&#8221;#ea2c59&#8243; follow_button=&#8221;off&#8221; url_new_window=&#8221;on&#8221;]instagram[\/et_pb_social_media_follow_network][et_pb_social_media_follow_network social_network=&#8221;youtube&#8221; url=&#8221;https:\/\/www.youtube.com\/channel\/UC-K5sxEsaxifEap6_bFXqsA\/featured&#8221; _builder_version=&#8221;4.3.4&#8243; background_color=&#8221;#a82400&#8243; follow_button=&#8221;off&#8221; url_new_window=&#8221;on&#8221;]youtube[\/et_pb_social_media_follow_network][\/et_pb_social_media_follow][\/et_pb_column][\/et_pb_row][et_pb_row disabled_on=&#8221;off|off|off&#8221; _builder_version=&#8221;4.3.4&#8243; link_option_url_new_window=&#8221;on&#8221; collapsed=&#8221;off&#8221;][et_pb_column type=&#8221;4_4&#8243; _builder_version=&#8221;4.3.4&#8243;][et_pb_text _builder_version=&#8221;4.3.4&#8243; custom_margin=&#8221;-91px|||755px|false|false&#8221; link_option_url=&#8221;https:\/\/chat.whatsapp.com\/L06Lu0YAEBlARgzZOVlv1i&#8221;]<\/p>\n<p><img loading=\"lazy\" decoding=\"async\" class=\"wp-image-110 alignnone size-full\" src=\"https:\/\/www.suvarininizinden.com\/wp-content\/uploads\/2021\/08\/whatsapp-1.png\" alt=\"\" width=\"32\" height=\"32\" \/><\/p>\n<p>[\/et_pb_text][\/et_pb_column][\/et_pb_row][et_pb_row _builder_version=&#8221;4.3.4&#8243;][et_pb_column type=&#8221;4_4&#8243; _builder_version=&#8221;4.3.4&#8243;][et_pb_text disabled_on=&#8221;off|off|on&#8221; _builder_version=&#8221;4.3.4&#8243; custom_margin=&#8221;-105px||||false|false&#8221; custom_padding=&#8221;2px|144px|10px|144px||true&#8221; link_option_url=&#8221;https:\/\/chat.whatsapp.com\/L06Lu0YAEBlARgzZOVlv1i&#8221;]<\/p>\n<p><img loading=\"lazy\" decoding=\"async\" class=\"wp-image-110 alignnone size-full\" src=\"https:\/\/www.suvarininizinden.com\/wp-content\/uploads\/2021\/08\/whatsapp-1.png\" alt=\"\" width=\"32\" height=\"32\" \/><\/p>\n<p>[\/et_pb_text][\/et_pb_column][\/et_pb_row][\/et_pb_section][et_pb_section fb_built=&#8221;1&#8243; _builder_version=&#8221;4.3.4&#8243; custom_padding=&#8221;0px||0px||false|false&#8221;][et_pb_row _builder_version=&#8221;4.3.4&#8243; custom_padding=&#8221;||0px||false|false&#8221;][et_pb_column type=&#8221;4_4&#8243; _builder_version=&#8221;4.3.4&#8243;][et_pb_text _builder_version=&#8221;4.3.4&#8243; header_3_font=&#8221;|600|||||||&#8221; header_3_text_align=&#8221;center&#8221; header_3_font_size=&#8221;30px&#8221; header_3_letter_spacing=&#8221;1px&#8221; border_width_bottom=&#8221;2px&#8221;]<\/p>\n<h3><strong>GALER\u0130<\/strong><\/h3>\n<p>[\/et_pb_text][et_pb_gallery gallery_ids=&#8221;34,290,299,29,30,305,210,35,301,204,23,33,27,21,22,25,26,28,19,18,17,15,14,208,31,13,207,206,205,201,203,202,200,199,197,308,307,306,304,303,302,300,298,297,296,295,294,293,292,291,349,348,347,346,345,344,343,342,341,340,339,338&#8243; show_title_and_caption=&#8221;off&#8221; zoom_icon_color=&#8221;rgba(0,0,0,0.16)&#8221; hover_overlay_color=&#8221;rgba(255,255,255,0.61)&#8221; hover_icon=&#8221;%%52%%&#8221; _builder_version=&#8221;4.3.4&#8243; border_radii_image=&#8221;on|5px|5px|5px|5px&#8221; border_width_all_image=&#8221;2px&#8221; border_color_all_image=&#8221;#000000&#8243;][\/et_pb_gallery][\/et_pb_column][\/et_pb_row][\/et_pb_section][et_pb_section fb_built=&#8221;1&#8243; fullwidth=&#8221;on&#8221; _builder_version=&#8221;4.3.4&#8243;][et_pb_fullwidth_code raw_content_last_edited=&#8221;off|desktop&#8221; _builder_version=&#8221;4.3.4&#8243;]<iframe loading=\"lazy\" src=\"https:\/\/www.google.com\/maps\/d\/embed?mid=1FOXBCYoqwFdTvySGbXXUIQXGvfpcOYE&#038;ehbc=2E312F\" width=\"1350\" height=\"500\"><\/iframe>[\/et_pb_fullwidth_code][\/et_pb_section][et_pb_section fb_built=&#8221;1&#8243; fullwidth=&#8221;on&#8221; _builder_version=&#8221;4.3.4&#8243;][et_pb_fullwidth_image _builder_version=&#8221;4.3.4&#8243;][\/et_pb_fullwidth_image][\/et_pb_section]<\/p>\n","protected":false},"excerpt":{"rendered":"<p>[et_pb_section fb_built=&#8221;1&#8243; fullwidth=&#8221;on&#8221; _builder_version=&#8221;4.3.4&#8243; collapsed=&#8221;off&#8221;][et_pb_fullwidth_image src=&#8221;https:\/\/www.suvarininizinden.com\/wp-content\/uploads\/2024\/08\/IMG-20230827-WA0022-01-1.jpeg&#8221; _builder_version=&#8221;4.3.4&#8243;][\/et_pb_fullwidth_image][\/et_pb_section][et_pb_section fb_built=&#8221;1&#8243; _builder_version=&#8221;4.3.4&#8243;][et_pb_row column_structure=&#8221;1_3,2_3&#8243; _builder_version=&#8221;4.3.4&#8243; hover_enabled=&#8221;0&#8243;][et_pb_column type=&#8221;1_3&#8243; _builder_version=&#8221;4.3.4&#8243;][et_pb_image src=&#8221;https:\/\/www.suvarininizinden.com\/wp-content\/uploads\/2021\/08\/4.jpeg&#8221; _builder_version=&#8221;4.3.4&#8243; custom_margin=&#8221;|||45px|false|false&#8221;][\/et_pb_image][\/et_pb_column][et_pb_column type=&#8221;2_3&#8243; _builder_version=&#8221;4.3.4&#8243;][et_pb_text disabled_on=&#8221;off|off|on&#8221; _builder_version=&#8221;4.3.4&#8243; header_2_text_align=&#8221;center&#8221; header_2_text_color=&#8221;#000000&#8243; header_2_font_size=&#8221;35px&#8221; header_2_letter_spacing=&#8221;1px&#8221;] S\u00dcVAR\u0130 RUHUYLA,DEM\u0130R ATLARLA [\/et_pb_text][et_pb_text _builder_version=&#8221;4.3.4&#8243; text_letter_spacing=&#8221;1px&#8221; text_orientation=&#8221;center&#8221;] Mustafa Kemal Atat\u00fcrk \u00f6nderli\u011finde \u0130stiklal Sava\u015f\u0131&#8217;n\u0131nb\u00fcy\u00fck bir zaferle sonu\u00e7lanmas\u0131n\u0131 sa\u011flayan B\u00fcy\u00fck Taarruz&#8217;un y\u0131ld\u00f6n\u00fcm\u00fcnde,yine,yeniden&#8220;S\u00dcVAR\u0130N\u0130N \u0130Z\u0130NDEN&#8221;, Demir Atlar\u0131m\u0131zla gitmeye \u00e7al\u0131\u015f\u0131yoruz. Bug\u00fcnlerimiz i\u00e7in canlar\u0131n\u0131 ortaya koyan [&hellip;]<\/p>\n","protected":false},"author":2,"featured_media":0,"parent":0,"menu_order":0,"comment_status":"closed","ping_status":"closed","template":"","meta":{"_et_pb_use_builder":"on","_et_pb_old_content":"","_et_gb_content_width":"","footnotes":""},"class_list":["post-37","page","type-page","status-publish","hentry"],"_links":{"self":[{"href":"https:\/\/www.suvarininizinden.com\/index.php?rest_route=\/wp\/v2\/pages\/37","targetHints":{"allow":["GET"]}}],"collection":[{"href":"https:\/\/www.suvarininizinden.com\/index.php?rest_route=\/wp\/v2\/pages"}],"about":[{"href":"https:\/\/www.suvarininizinden.com\/index.php?rest_route=\/wp\/v2\/types\/page"}],"author":[{"embeddable":true,"href":"https:\/\/www.suvarininizinden.com\/index.php?rest_route=\/wp\/v2\/users\/2"}],"replies":[{"embeddable":true,"href":"https:\/\/www.suvarininizinden.com\/index.php?rest_route=%2Fwp%2Fv2%2Fcomments&post=37"}],"version-history":[{"count":91,"href":"https:\/\/www.suvarininizinden.com\/index.php?rest_route=\/wp\/v2\/pages\/37\/revisions"}],"predecessor-version":[{"id":369,"href":"https:\/\/www.suvarininizinden.com\/index.php?rest_route=\/wp\/v2\/pages\/37\/revisions\/369"}],"wp:attachment":[{"href":"https:\/\/www.suvarininizinden.com\/index.php?rest_route=%2Fwp%2Fv2%2Fmedia&parent=37"}],"curies":[{"name":"wp","href":"https:\/\/api.w.org\/{rel}","templated":true}]}}